{"id":5151,"date":"2025-12-31T12:21:46","date_gmt":"2025-12-31T12:21:46","guid":{"rendered":"https:\/\/hungarian-parliament-tickets.com\/affiliate-offenlegung\/"},"modified":"2026-04-28T13:03:25","modified_gmt":"2026-04-28T13:03:25","slug":"offenlegung-der-affiliate-partner","status":"publish","type":"page","link":"https:\/\/hungarian-parliament-tickets.com\/de\/offenlegung-der-affiliate-partner\/","title":{"rendered":"Affiliate-Offenlegung"},"content":{"rendered":"<style>.kadence-column5069_311e13-23 > .kt-inside-inner-col,.kadence-column5069_311e13-23 > .kt-inside-inner-col:before{border-top-left-radius:0px;border-top-right-radius:0px;border-bottom-right-radius:0px;border-bottom-left-radius:0px;}.kadence-column5069_311e13-23 > .kt-inside-inner-col{column-gap:var(--global-kb-gap-sm, 1rem);}.kadence-column5069_311e13-23 > .kt-inside-inner-col{flex-direction:column;}.kadence-column5069_311e13-23 > .kt-inside-inner-col > .aligncenter{width:100%;}.kadence-column5069_311e13-23 > .kt-inside-inner-col:before{opacity:0.3;}.kadence-column5069_311e13-23{position:relative;}@media all and (max-width: 1024px){.kadence-column5069_311e13-23 > .kt-inside-inner-col{flex-direction:column;justify-content:center;}}@media all and (max-width: 767px){.kadence-column5069_311e13-23 > .kt-inside-inner-col{flex-direction:column;justify-content:center;}}<\/style>\n<div class=\"wp-block-kadence-column kadence-column5069_311e13-23 alignfull\"><div class=\"kt-inside-inner-col\"><style>.kadence-column5069_35b6ce-24 > .kt-inside-inner-col{min-height:25vh;}.kadence-column5069_35b6ce-24 > .kt-inside-inner-col,.kadence-column5069_35b6ce-24 > .kt-inside-inner-col:before{border-top-left-radius:0px;border-top-right-radius:0px;border-bottom-right-radius:0px;border-bottom-left-radius:0px;}.kadence-column5069_35b6ce-24 > .kt-inside-inner-col{column-gap:var(--global-kb-gap-sm, 1rem);}.kadence-column5069_35b6ce-24 > .kt-inside-inner-col{flex-direction:column;}.kadence-column5069_35b6ce-24 > .kt-inside-inner-col > .aligncenter{width:100%;}.kadence-column5069_35b6ce-24 > .kt-inside-inner-col{background-image:url('https:\/\/hungarian-parliament-tickets.com\/wp-content\/uploads\/2025\/09\/Hungarian-Parliament-Building-mobile.jpg');background-size:cover;background-position:48% 34%;background-attachment:scroll;background-repeat:no-repeat;}.kadence-column5069_35b6ce-24 > .kt-inside-inner-col:before{opacity:0.3;}.kadence-column5069_35b6ce-24{position:relative;}@media all and (max-width: 1024px){.kadence-column5069_35b6ce-24 > .kt-inside-inner-col{flex-direction:column;justify-content:center;}}@media all and (max-width: 767px){.kadence-column5069_35b6ce-24 > .kt-inside-inner-col{flex-direction:column;justify-content:center;}}<\/style>\n<div class=\"wp-block-kadence-column kadence-column5069_35b6ce-24 kvs-lg-false kvs-md-false alignfull\"><div class=\"kt-inside-inner-col\"><\/div><\/div>\n\n\n<style>.kadence-column5069_4b2b9f-31{max-width:595px;margin-left:auto;margin-right:auto;}.wp-block-kadence-column.kb-section-dir-horizontal:not(.kb-section-md-dir-vertical)>.kt-inside-inner-col>.kadence-column5069_4b2b9f-31{-webkit-flex:0 1 595px;flex:0 1 595px;max-width:unset;margin-left:unset;margin-right:unset;}.kadence-column5069_4b2b9f-31 > .kt-inside-inner-col,.kadence-column5069_4b2b9f-31 > .kt-inside-inner-col:before{border-top-left-radius:0px;border-top-right-radius:0px;border-bottom-right-radius:0px;border-bottom-left-radius:0px;}.kadence-column5069_4b2b9f-31 > .kt-inside-inner-col{column-gap:var(--global-kb-gap-sm, 1rem);}.kadence-column5069_4b2b9f-31 > .kt-inside-inner-col{flex-direction:column;}.kadence-column5069_4b2b9f-31 > .kt-inside-inner-col > .aligncenter{width:100%;}.kadence-column5069_4b2b9f-31 > .kt-inside-inner-col:before{opacity:0.3;}.kadence-column5069_4b2b9f-31{position:relative;}.kadence-column5069_4b2b9f-31, .kt-inside-inner-col > .kadence-column5069_4b2b9f-31:not(.specificity){margin-right:10vw;margin-left:10vw;}@media all and (min-width: 1025px){.wp-block-kadence-column.kb-section-dir-horizontal>.kt-inside-inner-col>.kadence-column5069_4b2b9f-31{-webkit-flex:0 1 595px;flex:0 1 595px;max-width:unset;margin-left:unset;margin-right:unset;}}@media all and (max-width: 1024px){.kadence-column5069_4b2b9f-31 > .kt-inside-inner-col{flex-direction:column;justify-content:center;}}@media all and (max-width: 767px){.wp-block-kadence-column.kb-section-sm-dir-vertical:not(.kb-section-sm-dir-horizontal):not(.kb-section-sm-dir-specificity)>.kt-inside-inner-col>.kadence-column5069_4b2b9f-31{max-width:595px;-webkit-flex:1;flex:1;margin-left:auto;margin-right:auto;}.kadence-column5069_4b2b9f-31 > .kt-inside-inner-col{flex-direction:column;justify-content:center;}}<\/style>\n<div class=\"wp-block-kadence-column kadence-column5069_4b2b9f-31 kvs-lg-false kvs-md-false pagetitlebox\"><div class=\"kt-inside-inner-col\"><style>.wp-block-kadence-advancedheading.kt-adv-heading5069_bd0169-23, .wp-block-kadence-advancedheading.kt-adv-heading5069_bd0169-23[data-kb-block=\"kb-adv-heading5069_bd0169-23\"]{padding-top:var(--global-kb-spacing-md, 2rem);padding-right:var(--global-kb-spacing-md, 2rem);padding-bottom:var(--global-kb-spacing-md, 2rem);padding-left:var(--global-kb-spacing-md, 2rem);margin-top:-50px;text-align:center;font-size:var(--global-kb-font-size-md, 1.25rem);font-style:normal;background-color:#ffffff;border-top-left-radius:20px;border-top-right-radius:20px;border-bottom-right-radius:20px;border-bottom-left-radius:20px;}.wp-block-kadence-advancedheading.kt-adv-heading5069_bd0169-23 mark.kt-highlight, .wp-block-kadence-advancedheading.kt-adv-heading5069_bd0169-23[data-kb-block=\"kb-adv-heading5069_bd0169-23\"] mark.kt-highlight{font-style:normal;color:#f76a0c;-webkit-box-decoration-break:clone;box-decoration-break:clone;padding-top:0px;padding-right:0px;padding-bottom:0px;padding-left:0px;}.wp-block-kadence-advancedheading.kt-adv-heading5069_bd0169-23 img.kb-inline-image, .wp-block-kadence-advancedheading.kt-adv-heading5069_bd0169-23[data-kb-block=\"kb-adv-heading5069_bd0169-23\"] img.kb-inline-image{width:150px;vertical-align:baseline;}<\/style>\n<h2 class=\"kt-adv-heading5069_bd0169-23 wp-block-kadence-advancedheading has-kb-palette-0-color has-text-color\" data-kb-block=\"kb-adv-heading5069_bd0169-23\"><strong><strong>Affiliate-Offenlegung<\/strong><\/strong><\/h2>\n<\/div><\/div>\n\n\n<style>.kadence-column5069_59dc73-fe > .kt-inside-inner-col{min-height:45vh;}.kadence-column5069_59dc73-fe > .kt-inside-inner-col,.kadence-column5069_59dc73-fe > .kt-inside-inner-col:before{border-top-left-radius:0px;border-top-right-radius:0px;border-bottom-right-radius:0px;border-bottom-left-radius:0px;}.kadence-column5069_59dc73-fe > .kt-inside-inner-col{column-gap:var(--global-kb-gap-sm, 1rem);}.kadence-column5069_59dc73-fe > .kt-inside-inner-col{flex-direction:column;}.kadence-column5069_59dc73-fe > .kt-inside-inner-col > .aligncenter{width:100%;}.kadence-column5069_59dc73-fe > .kt-inside-inner-col{background-image:url('https:\/\/hungarian-parliament-tickets.com\/wp-content\/uploads\/2025\/09\/Hungarian-Parliament-Building.jpg');background-size:cover;background-position:46% 62%;background-attachment:scroll;background-repeat:no-repeat;}.kadence-column5069_59dc73-fe > .kt-inside-inner-col:before{opacity:0.3;}.kadence-column5069_59dc73-fe{position:relative;}@media all and (max-width: 1024px){.kadence-column5069_59dc73-fe > .kt-inside-inner-col{flex-direction:column;justify-content:center;}}@media all and (max-width: 767px){.kadence-column5069_59dc73-fe > .kt-inside-inner-col{flex-direction:column;justify-content:center;}}<\/style>\n<div class=\"wp-block-kadence-column kadence-column5069_59dc73-fe kvs-sm-false alignfull\"><div class=\"kt-inside-inner-col\"><\/div><\/div>\n\n\n<style>.kadence-column5069_932cfb-62{max-width:595px;margin-left:auto;margin-right:auto;}.wp-block-kadence-column.kb-section-dir-horizontal:not(.kb-section-md-dir-vertical)>.kt-inside-inner-col>.kadence-column5069_932cfb-62{-webkit-flex:0 1 595px;flex:0 1 595px;max-width:unset;margin-left:unset;margin-right:unset;}.kadence-column5069_932cfb-62 > .kt-inside-inner-col,.kadence-column5069_932cfb-62 > .kt-inside-inner-col:before{border-top-left-radius:0px;border-top-right-radius:0px;border-bottom-right-radius:0px;border-bottom-left-radius:0px;}.kadence-column5069_932cfb-62 > .kt-inside-inner-col{column-gap:var(--global-kb-gap-sm, 1rem);}.kadence-column5069_932cfb-62 > .kt-inside-inner-col{flex-direction:column;}.kadence-column5069_932cfb-62 > .kt-inside-inner-col > .aligncenter{width:100%;}.kadence-column5069_932cfb-62 > .kt-inside-inner-col:before{opacity:0.3;}.kadence-column5069_932cfb-62{position:relative;}@media all and (min-width: 1025px){.wp-block-kadence-column.kb-section-dir-horizontal>.kt-inside-inner-col>.kadence-column5069_932cfb-62{-webkit-flex:0 1 595px;flex:0 1 595px;max-width:unset;margin-left:unset;margin-right:unset;}}@media all and (max-width: 1024px){.kadence-column5069_932cfb-62 > .kt-inside-inner-col{flex-direction:column;justify-content:center;}}@media all and (max-width: 767px){.wp-block-kadence-column.kb-section-sm-dir-vertical:not(.kb-section-sm-dir-horizontal):not(.kb-section-sm-dir-specificity)>.kt-inside-inner-col>.kadence-column5069_932cfb-62{max-width:595px;-webkit-flex:1;flex:1;margin-left:auto;margin-right:auto;}.kadence-column5069_932cfb-62 > .kt-inside-inner-col{flex-direction:column;justify-content:center;}}<\/style>\n<div class=\"wp-block-kadence-column kadence-column5069_932cfb-62 kvs-sm-false pagetitlebox\"><div class=\"kt-inside-inner-col\"><style>.wp-block-kadence-advancedheading.kt-adv-heading5069_cacd84-8f, .wp-block-kadence-advancedheading.kt-adv-heading5069_cacd84-8f[data-kb-block=\"kb-adv-heading5069_cacd84-8f\"]{padding-top:var(--global-kb-spacing-md, 2rem);padding-right:var(--global-kb-spacing-md, 2rem);padding-bottom:var(--global-kb-spacing-md, 2rem);padding-left:var(--global-kb-spacing-md, 2rem);margin-top:-50px;text-align:center;font-style:normal;background-color:#ffffff;border-top-left-radius:20px;border-top-right-radius:20px;border-bottom-right-radius:20px;border-bottom-left-radius:20px;}.wp-block-kadence-advancedheading.kt-adv-heading5069_cacd84-8f mark.kt-highlight, .wp-block-kadence-advancedheading.kt-adv-heading5069_cacd84-8f[data-kb-block=\"kb-adv-heading5069_cacd84-8f\"] mark.kt-highlight{font-style:normal;color:#f76a0c;-webkit-box-decoration-break:clone;box-decoration-break:clone;padding-top:0px;padding-right:0px;padding-bottom:0px;padding-left:0px;}.wp-block-kadence-advancedheading.kt-adv-heading5069_cacd84-8f img.kb-inline-image, .wp-block-kadence-advancedheading.kt-adv-heading5069_cacd84-8f[data-kb-block=\"kb-adv-heading5069_cacd84-8f\"] img.kb-inline-image{width:150px;vertical-align:baseline;}<\/style>\n<h2 class=\"kt-adv-heading5069_cacd84-8f wp-block-kadence-advancedheading has-kb-palette-0-color has-text-color\" data-kb-block=\"kb-adv-heading5069_cacd84-8f\"><strong><strong>Affiliate-Offenlegung<\/strong><\/strong><\/h2>\n<\/div><\/div>\n<\/div><\/div>\n<style>.kadence-column5069_d2851b-44 > .kt-inside-inner-col,.kadence-column5069_d2851b-44 > .kt-inside-inner-col:before{border-top-left-radius:0px;border-top-right-radius:0px;border-bottom-right-radius:0px;border-bottom-left-radius:0px;}.kadence-column5069_d2851b-44 > .kt-inside-inner-col{column-gap:var(--global-kb-gap-sm, 1rem);}.kadence-column5069_d2851b-44 > .kt-inside-inner-col{flex-direction:column;}.kadence-column5069_d2851b-44 > .kt-inside-inner-col > .aligncenter{width:100%;}.kadence-column5069_d2851b-44 > .kt-inside-inner-col:before{opacity:0.3;}.kadence-column5069_d2851b-44{position:relative;}@media all and (max-width: 1024px){.kadence-column5069_d2851b-44 > .kt-inside-inner-col{flex-direction:column;justify-content:center;}}@media all and (max-width: 767px){.kadence-column5069_d2851b-44 > .kt-inside-inner-col{flex-direction:column;justify-content:center;}}<\/style>\n<div class=\"wp-block-kadence-column kadence-column5069_d2851b-44 alignwide\"><div class=\"kt-inside-inner-col\">\n<p>Unser Ziel bei Hungarian-Parliament-Tickets.com ist es, hochwertige Reiseinhalte bereitzustellen, die dir helfen, deine Reisen zu planen und zu genie\u00dfen. Um unsere Bem\u00fchungen bei der Pflege und dem Ausbau dieser Website zu unterst\u00fctzen, verwenden wir in unseren Inhalten Affiliate-Links. Das bedeutet: Wenn du dich entscheidest, \u00fcber einige der Links auf unserer Website einen Kauf zu t\u00e4tigen, erhalten wir unter Umst\u00e4nden eine kleine Provision. F\u00fcr dich entstehen dadurch keine zus\u00e4tzlichen Kosten, und es hilft uns, die Inhalte kostenlos und aktuell zu halten.<\/p>\n\n\n\n<p><strong>Warum wir Affiliate-Links verwenden<\/strong><\/p>\n\n\n\n<p>Der Betrieb einer Website erfordert Zeit und Ressourcen, und Affiliate-Partnerschaften erm\u00f6glichen es uns, unsere Arbeit zu finanzieren. Es ist wichtig zu wissen, dass wir nur Produkte, Touren und Dienstleistungen empfehlen, von denen wir aufrichtig glauben, dass sie einen Mehrwert f\u00fcr dein Reiseerlebnis bieten. Wir w\u00e4hlen unsere Affiliate-Partner sorgf\u00e4ltig aus und pr\u00fcfen sie, um sicherzustellen, dass sie den Standards und Interessen unserer Leser entsprechen.<\/p>\n\n\n\n<p><strong>Affiliate-Partner<\/strong><\/p>\n\n\n\n<p>Zu unseren vertrauensw\u00fcrdigen Affiliate-Partnern geh\u00f6ren unter anderem:<\/p>\n\n\n\n<ul class=\"wp-block-list\">\n<li>GetYourGuide<\/li>\n\n\n\n<li>Tiqets<\/li>\n\n\n\n<li>Headout<\/li>\n\n\n\n<li>Viator<\/li>\n\n\n\n<li>Platinumlist<\/li>\n\n\n\n<li>Civitatis<\/li>\n\n\n\n<li>Holafly<\/li>\n\n\n\n<li>Booking.com<\/li>\n\n\n\n<li>Megapass<\/li>\n\n\n\n<li>Musement<\/li>\n<\/ul>\n\n\n\n<p>Bitte beachte, dass wir diese Liste aktualisieren k\u00f6nnen, wenn wir Partnerschaften mit neuen Unternehmen eingehen, denen wir vertrauen und die wir empfehlen.<\/p>\n\n\n\n<p><strong>Verpflichtung zur Ehrlichkeit<\/strong><\/p>\n\n\n\n<p>Wir m\u00f6chten, dass du dich auf unsere Empfehlungen verlassen kannst. Das Verdienen einer Provision hilft zwar, unsere Arbeit zu unterst\u00fctzen, beeinflusst jedoch niemals die Inhalte, Themen oder Produkte, die wir empfehlen. Unser Hauptaugenmerk liegt darauf, hilfreiche, ehrliche und genaue Informationen f\u00fcr deine Reisen bereitzustellen. Jedes Produkt und jede Dienstleistung, die wir bewerben, w\u00fcrden wir auch pers\u00f6nlich nutzen oder Freunden und Familie empfehlen.<\/p>\n\n\n\n<p><strong>Deine Unterst\u00fctzung z\u00e4hlt<\/strong><\/p>\n\n\n\n<p>Durch die Nutzung unserer Affiliate-Links unterst\u00fctzt du die Inhalte und Ressourcen, die wir hier auf Hungarian-Parliament-Tickets.com anbieten, und wir sind unglaublich dankbar f\u00fcr dein Vertrauen und deine Unterst\u00fctzung. Es erm\u00f6glicht uns, weiterhin Tipps, Reisef\u00fchrer und Empfehlungen bereitzustellen, von denen wir hoffen, dass sie deine Reiseabenteuer bereichern.<\/p>\n<\/div><\/div>\n\n<div style=\"color:#ddd\" class=\"wp-block-genesis-blocks-gb-spacer gb-block-spacer gb-divider-solid gb-divider-size-1\"><hr style=\"height:30px\"><\/div>\n","protected":false},"excerpt":{"rendered":"<p>Affiliate-Offenlegung Affiliate-Offenlegung Unser Ziel bei Hungarian-Parliament-Tickets.com ist es, hochwertige Reiseinhalte bereitzustellen, die dir helfen, deine Reisen zu planen und zu genie\u00dfen. Um unsere Bem\u00fchungen bei der Pflege und dem Ausbau dieser Website zu unterst\u00fctzen, verwenden wir in unseren Inhalten Affiliate-Links. Das bedeutet: Wenn du dich entscheidest, \u00fcber einige der Links auf unserer Website einen Kauf [&hellip;]<\/p>\n","protected":false},"author":2,"featured_media":5152,"parent":0,"menu_order":0,"comment_status":"closed","ping_status":"closed","template":"","meta":{"_genesis_hide_title":false,"_genesis_hide_breadcrumbs":false,"_genesis_hide_singular_image":false,"_genesis_hide_footer_widgets":false,"_genesis_custom_body_class":"","_genesis_custom_post_class":"","_genesis_layout":"","footnotes":""},"categories":[],"tags":[],"class_list":{"0":"post-5151","1":"page","2":"type-page","3":"status-publish","4":"has-post-thumbnail","6":"entry"},"featured_image_src":"https:\/\/hungarian-parliament-tickets.com\/wp-content\/uploads\/2025\/09\/Hungarian-Parliament-Building-600x400.jpg","featured_image_src_square":"https:\/\/hungarian-parliament-tickets.com\/wp-content\/uploads\/2025\/09\/Hungarian-Parliament-Building-600x600.jpg","_links":{"self":[{"href":"https:\/\/hungarian-parliament-tickets.com\/de\/wp-json\/wp\/v2\/pages\/5151","targetHints":{"allow":["GET"]}}],"collection":[{"href":"https:\/\/hungarian-parliament-tickets.com\/de\/wp-json\/wp\/v2\/pages"}],"about":[{"href":"https:\/\/hungarian-parliament-tickets.com\/de\/wp-json\/wp\/v2\/types\/page"}],"author":[{"embeddable":true,"href":"https:\/\/hungarian-parliament-tickets.com\/de\/wp-json\/wp\/v2\/users\/2"}],"replies":[{"embeddable":true,"href":"https:\/\/hungarian-parliament-tickets.com\/de\/wp-json\/wp\/v2\/comments?post=5151"}],"version-history":[{"count":2,"href":"https:\/\/hungarian-parliament-tickets.com\/de\/wp-json\/wp\/v2\/pages\/5151\/revisions"}],"predecessor-version":[{"id":5154,"href":"https:\/\/hungarian-parliament-tickets.com\/de\/wp-json\/wp\/v2\/pages\/5151\/revisions\/5154"}],"wp:featuredmedia":[{"embeddable":true,"href":"https:\/\/hungarian-parliament-tickets.com\/de\/wp-json\/wp\/v2\/media\/5152"}],"wp:attachment":[{"href":"https:\/\/hungarian-parliament-tickets.com\/de\/wp-json\/wp\/v2\/media?parent=5151"}],"wp:term":[{"taxonomy":"category","embeddable":true,"href":"https:\/\/hungarian-parliament-tickets.com\/de\/wp-json\/wp\/v2\/categories?post=5151"},{"taxonomy":"post_tag","embeddable":true,"href":"https:\/\/hungarian-parliament-tickets.com\/de\/wp-json\/wp\/v2\/tags?post=5151"}],"curies":[{"name":"wp","href":"https:\/\/api.w.org\/{rel}","templated":true}]}}