{"id":5232,"date":"2026-04-28T11:38:30","date_gmt":"2026-04-28T11:38:30","guid":{"rendered":"https:\/\/hungarian-parliament-tickets.com\/?page_id=5232"},"modified":"2026-04-28T11:41:43","modified_gmt":"2026-04-28T11:41:43","slug":"impressum","status":"publish","type":"page","link":"https:\/\/hungarian-parliament-tickets.com\/de\/impressum\/","title":{"rendered":"Impressum"},"content":{"rendered":"\n<div style=\"color:#ddd\" class=\"wp-block-genesis-blocks-gb-spacer gb-block-spacer gb-divider-solid gb-divider-size-1\"><hr style=\"height:-1px\"\/><\/div>\n\n\n\n<h2 class=\"wp-block-heading\">Impressum<\/h2>\n\n\n\n<p>MOST AMAZING PLACES TANITIM VE T\u0130C. A.\u015e.<\/p>\n\n\n\n<p>G\u00fcm\u00fc\u015fsuyu Mah.&nbsp;<\/p>\n\n\n\n<p>\u0130n\u00f6n\u00fc Cd. Melek Apt, NO: 11, K1 D2<\/p>\n\n\n\n<p>34437 Beyo\u011flu\/\u0130stanbul<\/p>\n\n\n\n<p><strong>Tax-Identifikationsnummer:<br><\/strong>Beyoglu VD 6232114088<\/p>\n\n\n\n<p><strong>Gesch\u00e4ftsf\u00fchrer:&nbsp;<\/strong>D. Eronal<\/p>\n\n\n\n<p><strong>Internet:&nbsp;<\/strong><a href=\"https:\/\/most-amazing-places.com\/\" class=\"\" target=\"_blank\" rel=\"noreferrer noopener\">https:\/\/most-amazing-places.com\/<\/a><\/p>\n","protected":false},"excerpt":{"rendered":"<p>Impressum MOST AMAZING PLACES TANITIM VE T\u0130C. A.\u015e. G\u00fcm\u00fc\u015fsuyu Mah.&nbsp; \u0130n\u00f6n\u00fc Cd. Melek Apt, NO: 11, K1 D2 34437 Beyo\u011flu\/\u0130stanbul Tax-Identifikationsnummer:Beyoglu VD 6232114088 Gesch\u00e4ftsf\u00fchrer:&nbsp;D. Eronal Internet:&nbsp;https:\/\/most-amazing-places.com\/<\/p>\n","protected":false},"author":2,"featured_media":0,"parent":0,"menu_order":0,"comment_status":"closed","ping_status":"closed","template":"","meta":{"_genesis_hide_title":false,"_genesis_hide_breadcrumbs":false,"_genesis_hide_singular_image":false,"_genesis_hide_footer_widgets":false,"_genesis_custom_body_class":"","_genesis_custom_post_class":"","_genesis_layout":"","footnotes":""},"categories":[],"tags":[],"class_list":{"0":"post-5232","1":"page","2":"type-page","3":"status-publish","5":"entry"},"featured_image_src":null,"featured_image_src_square":null,"_links":{"self":[{"href":"https:\/\/hungarian-parliament-tickets.com\/de\/wp-json\/wp\/v2\/pages\/5232","targetHints":{"allow":["GET"]}}],"collection":[{"href":"https:\/\/hungarian-parliament-tickets.com\/de\/wp-json\/wp\/v2\/pages"}],"about":[{"href":"https:\/\/hungarian-parliament-tickets.com\/de\/wp-json\/wp\/v2\/types\/page"}],"author":[{"embeddable":true,"href":"https:\/\/hungarian-parliament-tickets.com\/de\/wp-json\/wp\/v2\/users\/2"}],"replies":[{"embeddable":true,"href":"https:\/\/hungarian-parliament-tickets.com\/de\/wp-json\/wp\/v2\/comments?post=5232"}],"version-history":[{"count":2,"href":"https:\/\/hungarian-parliament-tickets.com\/de\/wp-json\/wp\/v2\/pages\/5232\/revisions"}],"predecessor-version":[{"id":5234,"href":"https:\/\/hungarian-parliament-tickets.com\/de\/wp-json\/wp\/v2\/pages\/5232\/revisions\/5234"}],"wp:attachment":[{"href":"https:\/\/hungarian-parliament-tickets.com\/de\/wp-json\/wp\/v2\/media?parent=5232"}],"wp:term":[{"taxonomy":"category","embeddable":true,"href":"https:\/\/hungarian-parliament-tickets.com\/de\/wp-json\/wp\/v2\/categories?post=5232"},{"taxonomy":"post_tag","embeddable":true,"href":"https:\/\/hungarian-parliament-tickets.com\/de\/wp-json\/wp\/v2\/tags?post=5232"}],"curies":[{"name":"wp","href":"https:\/\/api.w.org\/{rel}","templated":true}]}}